{"id":74,"date":"2021-12-20T18:20:58","date_gmt":"2021-12-20T18:20:58","guid":{"rendered":"https:\/\/kathis-kreativstueberl.de\/?page_id=74"},"modified":"2026-02-26T11:39:13","modified_gmt":"2026-02-26T11:39:13","slug":"stampin-up","status":"publish","type":"page","link":"https:\/\/kathis-kreativstueberl.de\/index.php\/stampin-up\/","title":{"rendered":"Stampin&#8216; Up!"},"content":{"rendered":"\n<p style=\"margin-top:var(--wp--preset--spacing--30);margin-bottom:var(--wp--preset--spacing--30);padding-right:0;padding-left:0\">Schon lange bin ich begeistert von den tollen Produkten von Stampin&#8216; Up! Die wundervolle farbliche Abstimmung von Stempelkissen, Farbkarton, Blends und Designerpapier begeistert mich dabei am meisten. Stampin up bietet Produkte von hoher Qualit\u00e4t und gro\u00dfer Kreativit\u00e4t! Schaut euch die tollen Produkte gerne mal im Onlineshop an. Den Link findet ihr weiter unten.<\/p>\n\n\n\n<p class=\"has-normal-font-size\" style=\"margin-top:var(--wp--preset--spacing--30);margin-bottom:var(--wp--preset--spacing--30);padding-right:0;padding-left:0\">Ich stehe dir sehr gern als unabh\u00e4ngige Demonstratorin zur Seite! Bei Fragen melde dich bei mir.<\/p>\n\n\n\n<h2 class=\"wp-block-heading has-ast-global-color-7-background-color has-background has-medium-font-size\" style=\"border-top-left-radius:5px;border-top-right-radius:5px;border-bottom-left-radius:5px;border-bottom-right-radius:5px;margin-top:var(--wp--preset--spacing--70);margin-bottom:0\">Wer oder was ist Stampin&#8216; Up! eigentlich?<\/h2>\n\n\n\n<p style=\"margin-top:var(--wp--preset--spacing--30);margin-bottom:var(--wp--preset--spacing--30);padding-top:0;padding-right:0;padding-bottom:0;padding-left:0\">Stampin&#8216; Up! wurde 1988 von zwei Schwestern gegr\u00fcndet. Seither bietet das Unternehmen hochwertige Produkte zum Gestalten mit Papier im Direktvertrieb an. 2016 ernannte Mitgr\u00fcnderin Shelli Gardner ihre Tochter Sara Douglass zum CEO von Stampin\u2019 Up! Saras F\u00fchrungsstil zeichnet sich durch ihr Streben nach stetiger Verbesserung, ihre Leidenschaft daf\u00fcr, anderen zu helfen, und ihren besonderen Blick auf das Unternehmen aus.<\/p>\n\n\n\n<p style=\"margin-top:var(--wp--preset--spacing--30);margin-bottom:var(--wp--preset--spacing--30);padding-top:0;padding-right:0;padding-bottom:0;padding-left:0\">Stampin&#8216; Up! ist heute in den Vereinigten Staaten und deren Territorien, Kanada, Australien, Neuseeland, Deutschland, Frankreich, dem Vereinigten K\u00f6nigreich, \u00d6sterreich, und den Niederlanden vertreten.<\/p>\n\n\n\n<p style=\"margin-top:var(--wp--preset--spacing--30);margin-bottom:var(--wp--preset--spacing--30);padding-top:0;padding-right:0;padding-bottom:0;padding-left:0\">Ganz gleich, wonach Sie suchen \u2013 ob Produkte f\u00fcr Ihre Bastelleidenschaft, eine kreative Auszeit von den Herausforderungen des Alltags, neue Freundschaften und die gegenseitige Unterst\u00fctzung in einer Gemeinschaft, einen Nebenverdienst oder einfach alles davon: Wir laden Sie dazu ein, sich der Stampin&#8216; Up!! -Familie anzuschlie\u00dfen. Und zwar so, wie es f\u00fcr Sie am besten passt.<\/p>\n\n\n\n<p><\/p>\n\n\n\n<div class=\"wp-block-columns is-layout-flex wp-container-core-columns-is-layout-634b8bb4 wp-block-columns-is-layout-flex\" style=\"padding-top:var(--wp--preset--spacing--30);padding-right:0;padding-bottom:0;padding-left:0\">\n<div class=\"wp-block-column is-layout-flow wp-container-core-column-is-layout-1fd16bab wp-block-column-is-layout-flow\" style=\"padding-right:var(--wp--preset--spacing--20);padding-left:var(--wp--preset--spacing--20);flex-basis:25%\">\n<figure class=\"wp-block-image alignleft size-large is-resized has-custom-border wp-duotone-unset-1\" style=\"margin-right:0;margin-left:var(--wp--preset--spacing--50)\"><a href=\"https:\/\/www.stampinup.de\/?demoid=5054944\" target=\"_blank\" rel=\" noreferrer noopener\"><img loading=\"lazy\" decoding=\"async\" width=\"1024\" height=\"1018\" src=\"https:\/\/kathis-kreativstueberl.de\/wp-content\/uploads\/2026\/02\/20260122-064932-810-file-SU_IND_DE_CALYPSOCORAL_PRINT-1024x1018.jpg\" alt=\"\" class=\"wp-image-1544\" style=\"border-width:1px;border-top-left-radius:5px;border-top-right-radius:5px;border-bottom-left-radius:5px;border-bottom-right-radius:5px;width:auto;height:170px\" srcset=\"https:\/\/kathis-kreativstueberl.de\/wp-content\/uploads\/2026\/02\/20260122-064932-810-file-SU_IND_DE_CALYPSOCORAL_PRINT-1024x1018.jpg 1024w, https:\/\/kathis-kreativstueberl.de\/wp-content\/uploads\/2026\/02\/20260122-064932-810-file-SU_IND_DE_CALYPSOCORAL_PRINT-300x298.jpg 300w, https:\/\/kathis-kreativstueberl.de\/wp-content\/uploads\/2026\/02\/20260122-064932-810-file-SU_IND_DE_CALYPSOCORAL_PRINT-150x150.jpg 150w, https:\/\/kathis-kreativstueberl.de\/wp-content\/uploads\/2026\/02\/20260122-064932-810-file-SU_IND_DE_CALYPSOCORAL_PRINT-768x764.jpg 768w, https:\/\/kathis-kreativstueberl.de\/wp-content\/uploads\/2026\/02\/20260122-064932-810-file-SU_IND_DE_CALYPSOCORAL_PRINT.jpg 1090w\" sizes=\"auto, (max-width: 1024px) 100vw, 1024px\" \/><\/a><\/figure>\n<\/div>\n\n\n\n<div class=\"wp-block-column is-layout-flow wp-container-core-column-is-layout-8a368f38 wp-block-column-is-layout-flow\" style=\"flex-basis:66.66%\">\n<p class=\"has-ast-global-color-1-color has-text-color has-link-color wp-elements-1f635bc17a0170a9318936ce940183f8\" style=\"margin-top:0;margin-right:0;margin-bottom:0;margin-left:0;padding-top:var(--wp--preset--spacing--50);padding-bottom:var(--wp--preset--spacing--50)\">Hier geht es zum <strong><a href=\"https:\/\/www.stampinup.de\/?demoid=5054944\">Onlineshop<\/a>.<\/strong><br><br>Ich w\u00fcrde mich dar\u00fcber freuen, wenn du mich (Kathrin Seidel) als Demonstratorin im Onlineshop hinterlegst. Ein kleines Dankesch\u00f6n f\u00fcr deine Bestellung ist dir gewiss.<\/p>\n<\/div>\n<\/div>\n\n\n\n<h2 class=\"wp-block-heading has-text-align-center has-ast-global-color-1-color has-ast-global-color-7-background-color has-text-color has-background has-link-color has-medium-font-size wp-elements-de3c15f27cebb67deb72ec4c252b9a3e\" style=\"border-top-left-radius:5px;border-top-right-radius:5px;border-bottom-left-radius:5px;border-bottom-right-radius:5px;margin-top:var(--wp--preset--spacing--70);font-style:normal;font-weight:300\"><strong>Der Leitspruch der Stampin&#8216; Up! Familie:<\/strong><br><br><em>Zu lieben was wir tun, zu teilen was wir lieben und somit anderen zu helfen, durch eigene Kreativit\u00e4t Erfolge zu erzielen.<\/em><br><em>Dadurch zeichnen wir uns aus.<\/em><\/h2>\n\n\n\n<p><\/p>\n","protected":false},"excerpt":{"rendered":"<p>Schon lange bin ich begeistert von den tollen Produkten von Stampin&#8216; Up! Die wundervolle farbliche Abstimmung von Stempelkissen, Farbkarton, Blends [&hellip;]<\/p>\n","protected":false},"author":1,"featured_media":1641,"parent":0,"menu_order":0,"comment_status":"closed","ping_status":"closed","template":"","meta":{"site-sidebar-layout":"default","site-content-layout":"","ast-site-content-layout":"default","site-content-style":"default","site-sidebar-style":"default","ast-global-header-display":"","ast-banner-title-visibility":"","ast-main-header-display":"","ast-hfb-above-header-display":"","ast-hfb-below-header-display":"","ast-hfb-mobile-header-display":"","site-post-title":"","ast-breadcrumbs-content":"","ast-featured-img":"","footer-sml-layout":"","ast-disable-related-posts":"","theme-transparent-header-meta":"","adv-header-id-meta":"","stick-header-meta":"","header-above-stick-meta":"","header-main-stick-meta":"","header-below-stick-meta":"","astra-migrate-meta-layouts":"default","ast-page-background-enabled":"default","ast-page-background-meta":{"desktop":{"background-color":"var(--ast-global-color-5)","background-image":"","background-repeat":"repeat","background-position":"center center","background-size":"auto","background-attachment":"scroll","background-type":"","background-media":"","overlay-type":"","overlay-color":"","overlay-opacity":"","overlay-gradient":""},"tablet":{"background-color":"","background-image":"","background-repeat":"repeat","background-position":"center center","background-size":"auto","background-attachment":"scroll","background-type":"","background-media":"","overlay-type":"","overlay-color":"","overlay-opacity":"","overlay-gradient":""},"mobile":{"background-color":"","background-image":"","background-repeat":"repeat","background-position":"center center","background-size":"auto","background-attachment":"scroll","background-type":"","background-media":"","overlay-type":"","overlay-color":"","overlay-opacity":"","overlay-gradient":""}},"ast-content-background-meta":{"desktop":{"background-color":"var(--ast-global-color-4)","background-image":"","background-repeat":"repeat","background-position":"center center","background-size":"auto","background-attachment":"scroll","background-type":"","background-media":"","overlay-type":"","overlay-color":"","overlay-opacity":"","overlay-gradient":""},"tablet":{"background-color":"var(--ast-global-color-4)","background-image":"","background-repeat":"repeat","background-position":"center center","background-size":"auto","background-attachment":"scroll","background-type":"","background-media":"","overlay-type":"","overlay-color":"","overlay-opacity":"","overlay-gradient":""},"mobile":{"background-color":"var(--ast-global-color-4)","background-image":"","background-repeat":"repeat","background-position":"center center","background-size":"auto","background-attachment":"scroll","background-type":"","background-media":"","overlay-type":"","overlay-color":"","overlay-opacity":"","overlay-gradient":""}},"ngg_post_thumbnail":0,"footnotes":""},"class_list":["post-74","page","type-page","status-publish","has-post-thumbnail","hentry"],"_links":{"self":[{"href":"https:\/\/kathis-kreativstueberl.de\/index.php\/wp-json\/wp\/v2\/pages\/74","targetHints":{"allow":["GET"]}}],"collection":[{"href":"https:\/\/kathis-kreativstueberl.de\/index.php\/wp-json\/wp\/v2\/pages"}],"about":[{"href":"https:\/\/kathis-kreativstueberl.de\/index.php\/wp-json\/wp\/v2\/types\/page"}],"author":[{"embeddable":true,"href":"https:\/\/kathis-kreativstueberl.de\/index.php\/wp-json\/wp\/v2\/users\/1"}],"replies":[{"embeddable":true,"href":"https:\/\/kathis-kreativstueberl.de\/index.php\/wp-json\/wp\/v2\/comments?post=74"}],"version-history":[{"count":63,"href":"https:\/\/kathis-kreativstueberl.de\/index.php\/wp-json\/wp\/v2\/pages\/74\/revisions"}],"predecessor-version":[{"id":1762,"href":"https:\/\/kathis-kreativstueberl.de\/index.php\/wp-json\/wp\/v2\/pages\/74\/revisions\/1762"}],"wp:featuredmedia":[{"embeddable":true,"href":"https:\/\/kathis-kreativstueberl.de\/index.php\/wp-json\/wp\/v2\/media\/1641"}],"wp:attachment":[{"href":"https:\/\/kathis-kreativstueberl.de\/index.php\/wp-json\/wp\/v2\/media?parent=74"}],"curies":[{"name":"wp","href":"https:\/\/api.w.org\/{rel}","templated":true}]}}