{"id":45,"date":"2021-12-17T17:36:53","date_gmt":"2021-12-17T17:36:53","guid":{"rendered":"https:\/\/kathis-kreativstueberl.de\/?page_id=45"},"modified":"2026-03-15T09:11:56","modified_gmt":"2026-03-15T09:11:56","slug":"impressum","status":"publish","type":"page","link":"https:\/\/kathis-kreativstueberl.de\/index.php\/impressum\/","title":{"rendered":"Impressum"},"content":{"rendered":"\n<p class=\"has-small-font-size\" style=\"margin-top:var(--wp--preset--spacing--40);padding-right:0;padding-left:0\">Anbieter dieser Internetseite ist:<br>Kathrin Seidel<br>Rosenheimer Str. 11<br>83139 S\u00f6chtenau<br><br>Telefon: 0157 &#8211; 81936656<br>E-Mail: Kathis.Kreativstueberl (at) gmx.de<br><\/p>\n\n\n\n<p class=\"has-small-font-size\" style=\"padding-top:0;padding-right:0;padding-bottom:0;padding-left:0\"><em>Inhaltlich Verantwortlicher gem\u00e4\u00df \u00a7 18 Abs<a href=\"http:\/\/muster-impressum.de\/vorlagen\/musterimpressum-fuer-einen-kleinunternehmer\/\">.<\/a> 2 MStV: Kathrin Seidel<\/em><\/p>\n\n\n\n<p class=\"has-small-font-size\" style=\"padding-top:0;padding-right:0;padding-bottom:0;padding-left:0\"><em>Quelle: <a href=\"http:\/\/www.muster-impressum.de\/\">http:\/\/www.muster-impressum.de<\/a><\/em><\/p>\n\n\n\n<p class=\"has-small-font-size\" style=\"padding-top:0;padding-right:0;padding-bottom:0;padding-left:0\">Hinweise:<\/p>\n\n\n\n<p class=\"has-small-font-size\" style=\"padding-top:0;padding-right:0;padding-bottom:0;padding-left:0\">Kleinunternehmer i. S. v. \u00a7 19 Abs. 1&nbsp;UStG&nbsp;haben ein Wahlrecht<a href=\"http:\/\/muster-impressum.de\/vorlagen\/musterimpressum-fuer-einen-kleinunternehmer\/\" target=\"_blank\" rel=\"noreferrer noopener\">,<\/a> ob sie Umsatzsteuer abf\u00fchren wollen. Entscheiden sie sich gegen die Abf\u00fchrung, ben\u00f6tigen sie grunds\u00e4tzlich keine Umsatzsteuer-Identifikationsnummer. Verf\u00fcgen sie \u00fcber keine Umsatzsteuer-Identifikationsnummer, m\u00fcssen sie auch im Impressum keine solche angeben. Hinzu kommt, da\u00df Kleinunternehmer h\u00e4ufig nicht ins Handelsregister eingetragen sind, so da\u00df auch insoweit keine Angaben erforderlich sind. Besteht allerdings eine Registereintragung oder wurde eine Umsatzsteuer-Identifikationsnummer erteilt, sind die entsprechenden Angaben zu machen. Das Muster geht davon aus, da\u00df keine Umsatzsteuer-Identifikationsnummer vorliegt und da\u00df der Betreiber der Internetseite nicht ins Handelsregister eingetragen ist. F\u00fcr das Muster wurde ferner von einem journalistisch-redaktionell gestalteten Angebot ausgegangen, so da\u00df die Anbieterkennzeichnung nach \u00a7 18 Abs. 2 MStV gesondert aufgenommen wurde.<\/p>\n","protected":false},"excerpt":{"rendered":"<p>Anbieter dieser Internetseite ist:Kathrin SeidelRosenheimer Str. 1183139 S\u00f6chtenau Telefon: 0157 &#8211; 81936656E-Mail: Kathis.Kreativstueberl (at) gmx.de Inhaltlich Verantwortlicher gem\u00e4\u00df \u00a7 18 [&hellip;]<\/p>\n","protected":false},"author":1,"featured_media":1641,"parent":0,"menu_order":0,"comment_status":"closed","ping_status":"closed","template":"","meta":{"site-sidebar-layout":"default","site-content-layout":"","ast-site-content-layout":"default","site-content-style":"default","site-sidebar-style":"default","ast-global-header-display":"","ast-banner-title-visibility":"","ast-main-header-display":"","ast-hfb-above-header-display":"","ast-hfb-below-header-display":"","ast-hfb-mobile-header-display":"","site-post-title":"","ast-breadcrumbs-content":"","ast-featured-img":"","footer-sml-layout":"","ast-disable-related-posts":"","theme-transparent-header-meta":"","adv-header-id-meta":"","stick-header-meta":"","header-above-stick-meta":"","header-main-stick-meta":"","header-below-stick-meta":"","astra-migrate-meta-layouts":"default","ast-page-background-enabled":"default","ast-page-background-meta":{"desktop":{"background-color":"var(--ast-global-color-5)","background-image":"","background-repeat":"repeat","background-position":"center center","background-size":"auto","background-attachment":"scroll","background-type":"","background-media":"","overlay-type":"","overlay-color":"","overlay-opacity":"","overlay-gradient":""},"tablet":{"background-color":"","background-image":"","background-repeat":"repeat","background-position":"center center","background-size":"auto","background-attachment":"scroll","background-type":"","background-media":"","overlay-type":"","overlay-color":"","overlay-opacity":"","overlay-gradient":""},"mobile":{"background-color":"","background-image":"","background-repeat":"repeat","background-position":"center center","background-size":"auto","background-attachment":"scroll","background-type":"","background-media":"","overlay-type":"","overlay-color":"","overlay-opacity":"","overlay-gradient":""}},"ast-content-background-meta":{"desktop":{"background-color":"var(--ast-global-color-4)","background-image":"","background-repeat":"repeat","background-position":"center center","background-size":"auto","background-attachment":"scroll","background-type":"","background-media":"","overlay-type":"","overlay-color":"","overlay-opacity":"","overlay-gradient":""},"tablet":{"background-color":"var(--ast-global-color-4)","background-image":"","background-repeat":"repeat","background-position":"center center","background-size":"auto","background-attachment":"scroll","background-type":"","background-media":"","overlay-type":"","overlay-color":"","overlay-opacity":"","overlay-gradient":""},"mobile":{"background-color":"var(--ast-global-color-4)","background-image":"","background-repeat":"repeat","background-position":"center center","background-size":"auto","background-attachment":"scroll","background-type":"","background-media":"","overlay-type":"","overlay-color":"","overlay-opacity":"","overlay-gradient":""}},"ngg_post_thumbnail":0,"footnotes":""},"class_list":["post-45","page","type-page","status-publish","has-post-thumbnail","hentry"],"_links":{"self":[{"href":"https:\/\/kathis-kreativstueberl.de\/index.php\/wp-json\/wp\/v2\/pages\/45","targetHints":{"allow":["GET"]}}],"collection":[{"href":"https:\/\/kathis-kreativstueberl.de\/index.php\/wp-json\/wp\/v2\/pages"}],"about":[{"href":"https:\/\/kathis-kreativstueberl.de\/index.php\/wp-json\/wp\/v2\/types\/page"}],"author":[{"embeddable":true,"href":"https:\/\/kathis-kreativstueberl.de\/index.php\/wp-json\/wp\/v2\/users\/1"}],"replies":[{"embeddable":true,"href":"https:\/\/kathis-kreativstueberl.de\/index.php\/wp-json\/wp\/v2\/comments?post=45"}],"version-history":[{"count":13,"href":"https:\/\/kathis-kreativstueberl.de\/index.php\/wp-json\/wp\/v2\/pages\/45\/revisions"}],"predecessor-version":[{"id":2691,"href":"https:\/\/kathis-kreativstueberl.de\/index.php\/wp-json\/wp\/v2\/pages\/45\/revisions\/2691"}],"wp:featuredmedia":[{"embeddable":true,"href":"https:\/\/kathis-kreativstueberl.de\/index.php\/wp-json\/wp\/v2\/media\/1641"}],"wp:attachment":[{"href":"https:\/\/kathis-kreativstueberl.de\/index.php\/wp-json\/wp\/v2\/media?parent=45"}],"curies":[{"name":"wp","href":"https:\/\/api.w.org\/{rel}","templated":true}]}}