{"id":302,"date":"2022-01-07T15:06:11","date_gmt":"2022-01-07T15:06:11","guid":{"rendered":"https:\/\/kathis-kreativstueberl.de\/?page_id=302"},"modified":"2026-03-15T09:22:30","modified_gmt":"2026-03-15T09:22:30","slug":"leistungen","status":"publish","type":"page","link":"https:\/\/kathis-kreativstueberl.de\/index.php\/leistungen\/","title":{"rendered":"Leistungen"},"content":{"rendered":"\n<p style=\"margin-top:var(--wp--preset--spacing--30);margin-right:0;margin-bottom:var(--wp--preset--spacing--30);margin-left:0;padding-right:0;padding-left:0\">Du brauchst eine Karte, eine Explosionsbox oder ein ganz besonderes Geschenk zu einem bestimmten Anlass, wie z.B. zum Geburtstag, zur Taufe, zur Hochzeit, zum Danke-sagen, zur Geburt, zu Weihnachten oder einfach so? Dann bist du bei mir genau richtig!<\/p>\n\n\n\n<p style=\"margin-top:var(--wp--preset--spacing--30);margin-right:0;margin-bottom:var(--wp--preset--spacing--30);margin-left:0;padding-right:0;padding-left:0\">Ich fertige\/kreiere f\u00fcr dich ganz individuelle, 100%-handgefertigte Unikate. Einige Werke m\u00f6gen sich \u00e4hnlich sehen, aber jedes ist ein Unikat, da alles handarbeit und keine Massenproduktion ist.<\/p>\n\n\n\n<p style=\"margin-top:var(--wp--preset--spacing--30);margin-right:0;margin-bottom:var(--wp--preset--spacing--30);margin-left:0;padding-right:0;padding-left:0\">Du kannst z.B. aus bereits kreierten Designs w\u00e4hlen. Vielleicht hab ich die Karte noch vorr\u00e4tig oder kann sie dir nachbauen (sofern ich das benutzte Designerpapier noch lagernd habe) oder wir kreieren zusammen etwas neues. Ich gehe sehr gern auf deine Farb-, Motiv- und Spruchw\u00fcnsche ein. Melde dich bei Interesse gern bei mir!<\/p>\n\n\n\n<h2 class=\"wp-block-heading has-ast-global-color-7-background-color has-background has-medium-font-size\" style=\"border-top-left-radius:5px;border-top-right-radius:5px;border-bottom-left-radius:5px;border-bottom-right-radius:5px;margin-top:var(--wp--preset--spacing--70);padding-right:var(--wp--preset--spacing--30);padding-left:var(--wp--preset--spacing--30)\">Preisinformation<\/h2>\n\n\n\n<p style=\"margin-top:var(--wp--preset--spacing--30);margin-bottom:var(--wp--preset--spacing--30);padding-right:0;padding-left:0\">\u00dcber den Preis sprechen wir gern pers\u00f6nlich. Es kommt bei allem (ob Karten oder Explosionsboxen oder beplottete Produkte) auf den zeitlichen Aufwand, die gew\u00fcnschten Materialien und die Gr\u00f6\u00dfe an.<\/p>\n\n\n\n<p style=\"margin-top:var(--wp--preset--spacing--30);margin-bottom:var(--wp--preset--spacing--30);padding-right:0;padding-left:0\">Einen pauschalen Preis kann ich daher nicht nennen. \ud83d\ude09<\/p>\n\n\n\n<p style=\"margin-top:var(--wp--preset--spacing--30);margin-bottom:var(--wp--preset--spacing--30);padding-right:0;padding-left:0\">Bei Interesse sehr gerne bei mir melden. &#8211;&gt; <a href=\"https:\/\/kathis-kreativstueberl.de\/index.php\/kontakt\/\" data-type=\"page\" data-id=\"1215\"><strong>KONTAKT<\/strong><\/a><\/p>\n\n\n\n<h2 class=\"wp-block-heading is-style-default has-ast-global-color-7-background-color has-background has-medium-font-size\" style=\"border-top-left-radius:5px;border-top-right-radius:5px;border-bottom-left-radius:5px;border-bottom-right-radius:5px;margin-top:var(--wp--preset--spacing--70);margin-right:0;margin-bottom:0;margin-left:0;padding-right:var(--wp--preset--spacing--30);padding-left:var(--wp--preset--spacing--30)\"><strong>Bestellung von Stampin&#8216; Up! &#8211; Produkten<\/strong><\/h2>\n\n\n\n<p style=\"margin-top:var(--wp--preset--spacing--30);margin-bottom:var(--wp--preset--spacing--30);padding-right:0;padding-left:0\">Ihr wollt selbst kreativ werden?? Eigene Karten kreieren?<\/p>\n\n\n\n<p style=\"margin-top:var(--wp--preset--spacing--30);margin-bottom:var(--wp--preset--spacing--30);padding-right:0;padding-left:0\">Als unabh\u00e4ngige Demonstratorin kann ich euch sehr gern die Produkte von Stampin&#8216; Up! bestellen.<\/p>\n\n\n\n<p style=\"margin-top:var(--wp--preset--spacing--30);margin-bottom:var(--wp--preset--spacing--30);padding-right:0;padding-left:0\">Nat\u00fcrlich ist es auch m\u00f6glich, sich ein Kennenlern-Kreativ-Kit zusammen stellen zulassen. Ganz individuell nach deinen Interessen. Melde dich gern direkt bei mir.<\/p>\n\n\n\n<p style=\"margin-top:var(--wp--preset--spacing--30);margin-bottom:var(--wp--preset--spacing--30);padding-right:0;padding-left:0\">Mehr Information zu Stampin&#8216; Up! gibt es <strong><a href=\"https:\/\/kathis-kreativstueberl.de\/index.php\/stampin-up\/\" data-type=\"page\" data-id=\"74\">HIER<\/a>.<\/strong><\/p>\n\n\n\n<p style=\"margin-top:var(--wp--preset--spacing--30);margin-bottom:var(--wp--preset--spacing--30);padding-right:0;padding-left:0\">Ihr k\u00f6nnte die Produkte direkt \u00fcber mich oder den Onlineshop erwerben. Bitte hinterlegt mich (Kathrin Seidel) im Onlineshop als Demonstratorin. Ein kleines Dankesch\u00f6n f\u00fcr jede Bestellung ist euch Gewiss.<\/p>\n","protected":false},"excerpt":{"rendered":"<p>Du brauchst eine Karte, eine Explosionsbox oder ein ganz besonderes Geschenk zu einem bestimmten Anlass, wie z.B. zum Geburtstag, zur [&hellip;]<\/p>\n","protected":false},"author":1,"featured_media":1641,"parent":0,"menu_order":0,"comment_status":"closed","ping_status":"closed","template":"","meta":{"site-sidebar-layout":"default","site-content-layout":"","ast-site-content-layout":"default","site-content-style":"default","site-sidebar-style":"default","ast-global-header-display":"","ast-banner-title-visibility":"","ast-main-header-display":"","ast-hfb-above-header-display":"","ast-hfb-below-header-display":"","ast-hfb-mobile-header-display":"","site-post-title":"","ast-breadcrumbs-content":"","ast-featured-img":"","footer-sml-layout":"","ast-disable-related-posts":"","theme-transparent-header-meta":"","adv-header-id-meta":"","stick-header-meta":"","header-above-stick-meta":"","header-main-stick-meta":"","header-below-stick-meta":"","astra-migrate-meta-layouts":"default","ast-page-background-enabled":"default","ast-page-background-meta":{"desktop":{"background-color":"var(--ast-global-color-5)","background-image":"","background-repeat":"repeat","background-position":"center center","background-size":"auto","background-attachment":"scroll","background-type":"","background-media":"","overlay-type":"","overlay-color":"","overlay-opacity":"","overlay-gradient":""},"tablet":{"background-color":"","background-image":"","background-repeat":"repeat","background-position":"center center","background-size":"auto","background-attachment":"scroll","background-type":"","background-media":"","overlay-type":"","overlay-color":"","overlay-opacity":"","overlay-gradient":""},"mobile":{"background-color":"","background-image":"","background-repeat":"repeat","background-position":"center center","background-size":"auto","background-attachment":"scroll","background-type":"","background-media":"","overlay-type":"","overlay-color":"","overlay-opacity":"","overlay-gradient":""}},"ast-content-background-meta":{"desktop":{"background-color":"var(--ast-global-color-4)","background-image":"","background-repeat":"repeat","background-position":"center center","background-size":"auto","background-attachment":"scroll","background-type":"","background-media":"","overlay-type":"","overlay-color":"","overlay-opacity":"","overlay-gradient":""},"tablet":{"background-color":"var(--ast-global-color-4)","background-image":"","background-repeat":"repeat","background-position":"center center","background-size":"auto","background-attachment":"scroll","background-type":"","background-media":"","overlay-type":"","overlay-color":"","overlay-opacity":"","overlay-gradient":""},"mobile":{"background-color":"var(--ast-global-color-4)","background-image":"","background-repeat":"repeat","background-position":"center center","background-size":"auto","background-attachment":"scroll","background-type":"","background-media":"","overlay-type":"","overlay-color":"","overlay-opacity":"","overlay-gradient":""}},"ngg_post_thumbnail":0,"footnotes":""},"class_list":["post-302","page","type-page","status-publish","has-post-thumbnail","hentry"],"_links":{"self":[{"href":"https:\/\/kathis-kreativstueberl.de\/index.php\/wp-json\/wp\/v2\/pages\/302","targetHints":{"allow":["GET"]}}],"collection":[{"href":"https:\/\/kathis-kreativstueberl.de\/index.php\/wp-json\/wp\/v2\/pages"}],"about":[{"href":"https:\/\/kathis-kreativstueberl.de\/index.php\/wp-json\/wp\/v2\/types\/page"}],"author":[{"embeddable":true,"href":"https:\/\/kathis-kreativstueberl.de\/index.php\/wp-json\/wp\/v2\/users\/1"}],"replies":[{"embeddable":true,"href":"https:\/\/kathis-kreativstueberl.de\/index.php\/wp-json\/wp\/v2\/comments?post=302"}],"version-history":[{"count":47,"href":"https:\/\/kathis-kreativstueberl.de\/index.php\/wp-json\/wp\/v2\/pages\/302\/revisions"}],"predecessor-version":[{"id":2694,"href":"https:\/\/kathis-kreativstueberl.de\/index.php\/wp-json\/wp\/v2\/pages\/302\/revisions\/2694"}],"wp:featuredmedia":[{"embeddable":true,"href":"https:\/\/kathis-kreativstueberl.de\/index.php\/wp-json\/wp\/v2\/media\/1641"}],"wp:attachment":[{"href":"https:\/\/kathis-kreativstueberl.de\/index.php\/wp-json\/wp\/v2\/media?parent=302"}],"curies":[{"name":"wp","href":"https:\/\/api.w.org\/{rel}","templated":true}]}}